{"id":85,"date":"2022-09-13T10:43:23","date_gmt":"2022-09-13T08:43:23","guid":{"rendered":"http:\/\/localhost\/almadvokat\/?page_id=85"},"modified":"2022-11-03T17:13:58","modified_gmt":"2022-11-03T16:13:58","slug":"energi-och-renhallning","status":"publish","type":"page","link":"https:\/\/www.almadvokat.se\/?page_id=85","title":{"rendered":"Energi och renh\u00e5llning"},"content":{"rendered":"\n<p>Alm har under flera \u00e5r bitr\u00e4tt ledande nordiska akt\u00f6rer inom energibranschen, s\u00e5v\u00e4l ifr\u00e5ga om upphandlings\u00e4renden r\u00f6rande olika leveranser och entreprenader, avtal (exempelvis PPA, olika elhandelsavtal) och \u00e4renden gentemot mot olika myndigheter, t.ex. Konkurrensverket.<\/p>\n\n\n\n<p>Alm har l\u00f6pande under ett flertal \u00e5r bitr\u00e4tt akt\u00f6rer inom renh\u00e5llningsbranschen med bitr\u00e4de vid upphandlingar, \u00f6verpr\u00f6vningar, utredningar och avtalsskrivning.<\/p>\n","protected":false},"excerpt":{"rendered":"<p>Alm har under flera \u00e5r bitr\u00e4tt ledande nordiska akt\u00f6rer inom energibranschen, s\u00e5v\u00e4l ifr\u00e5ga om upphandlings\u00e4renden r\u00f6rande olika leveranser och entreprenader, avtal (exempelvis PPA, olika elhandelsavtal) och \u00e4renden gentemot mot olika myndigheter, t.ex. Konkurrensverket. Alm har l\u00f6pande under ett flertal \u00e5r bitr\u00e4tt akt\u00f6rer inom renh\u00e5llningsbranschen med bitr\u00e4de vid upphandlingar, \u00f6verpr\u00f6vningar, utredningar och avtalsskrivning.<\/p>\n","protected":false},"author":1,"featured_media":128,"parent":0,"menu_order":0,"comment_status":"closed","ping_status":"closed","template":"","meta":{"footnotes":""},"class_list":["post-85","page","type-page","status-publish","has-post-thumbnail","hentry"],"_links":{"self":[{"href":"https:\/\/www.almadvokat.se\/index.php?rest_route=\/wp\/v2\/pages\/85","targetHints":{"allow":["GET"]}}],"collection":[{"href":"https:\/\/www.almadvokat.se\/index.php?rest_route=\/wp\/v2\/pages"}],"about":[{"href":"https:\/\/www.almadvokat.se\/index.php?rest_route=\/wp\/v2\/types\/page"}],"author":[{"embeddable":true,"href":"https:\/\/www.almadvokat.se\/index.php?rest_route=\/wp\/v2\/users\/1"}],"replies":[{"embeddable":true,"href":"https:\/\/www.almadvokat.se\/index.php?rest_route=%2Fwp%2Fv2%2Fcomments&post=85"}],"version-history":[{"count":3,"href":"https:\/\/www.almadvokat.se\/index.php?rest_route=\/wp\/v2\/pages\/85\/revisions"}],"predecessor-version":[{"id":310,"href":"https:\/\/www.almadvokat.se\/index.php?rest_route=\/wp\/v2\/pages\/85\/revisions\/310"}],"wp:featuredmedia":[{"embeddable":true,"href":"https:\/\/www.almadvokat.se\/index.php?rest_route=\/wp\/v2\/media\/128"}],"wp:attachment":[{"href":"https:\/\/www.almadvokat.se\/index.php?rest_route=%2Fwp%2Fv2%2Fmedia&parent=85"}],"curies":[{"name":"wp","href":"https:\/\/api.w.org\/{rel}","templated":true}]}}