{"id":68,"date":"2022-09-12T13:38:54","date_gmt":"2022-09-12T11:38:54","guid":{"rendered":"http:\/\/localhost\/almadvokat\/?page_id=68"},"modified":"2022-09-17T18:09:17","modified_gmt":"2022-09-17T16:09:17","slug":"offentlig-upphandling","status":"publish","type":"page","link":"https:\/\/www.almadvokat.se\/?page_id=68","title":{"rendered":"Offentlig upphandling"},"content":{"rendered":"\n<p>Med \u00f6ver 20 \u00e5rs erfarenhet av arbete med upphandlingsjuridik p\u00e5 daglig basis kan Alm bist\u00e5 er genom hela upphandlingsprocessen, oberoende av om ni \u00e4r en upphandlande enhet eller anbudsgivare.<\/p>\n\n\n\n<ul class=\"wp-block-list\"><li>Uppr\u00e4ttande och tolkning av f\u00f6rfr\u00e5gningsunderlag<\/li><li>Uppr\u00e4ttande och tolkning av anbud<\/li><li>\u00d6verpr\u00f6vning<\/li><li>Skadest\u00e5ndsm\u00e5l<\/li><li>Utbildningar<\/li><\/ul>\n","protected":false},"excerpt":{"rendered":"<p>Med \u00f6ver 20 \u00e5rs erfarenhet av arbete med upphandlingsjuridik p\u00e5 daglig basis kan Alm bist\u00e5 er genom hela upphandlingsprocessen, oberoende av om ni \u00e4r en upphandlande enhet eller anbudsgivare. Uppr\u00e4ttande och tolkning av f\u00f6rfr\u00e5gningsunderlag Uppr\u00e4ttande och tolkning av anbud \u00d6verpr\u00f6vning Skadest\u00e5ndsm\u00e5l Utbildningar<\/p>\n","protected":false},"author":1,"featured_media":125,"parent":0,"menu_order":0,"comment_status":"closed","ping_status":"closed","template":"","meta":{"footnotes":""},"class_list":["post-68","page","type-page","status-publish","has-post-thumbnail","hentry"],"_links":{"self":[{"href":"https:\/\/www.almadvokat.se\/index.php?rest_route=\/wp\/v2\/pages\/68","targetHints":{"allow":["GET"]}}],"collection":[{"href":"https:\/\/www.almadvokat.se\/index.php?rest_route=\/wp\/v2\/pages"}],"about":[{"href":"https:\/\/www.almadvokat.se\/index.php?rest_route=\/wp\/v2\/types\/page"}],"author":[{"embeddable":true,"href":"https:\/\/www.almadvokat.se\/index.php?rest_route=\/wp\/v2\/users\/1"}],"replies":[{"embeddable":true,"href":"https:\/\/www.almadvokat.se\/index.php?rest_route=%2Fwp%2Fv2%2Fcomments&post=68"}],"version-history":[{"count":1,"href":"https:\/\/www.almadvokat.se\/index.php?rest_route=\/wp\/v2\/pages\/68\/revisions"}],"predecessor-version":[{"id":69,"href":"https:\/\/www.almadvokat.se\/index.php?rest_route=\/wp\/v2\/pages\/68\/revisions\/69"}],"wp:featuredmedia":[{"embeddable":true,"href":"https:\/\/www.almadvokat.se\/index.php?rest_route=\/wp\/v2\/media\/125"}],"wp:attachment":[{"href":"https:\/\/www.almadvokat.se\/index.php?rest_route=%2Fwp%2Fv2%2Fmedia&parent=68"}],"curies":[{"name":"wp","href":"https:\/\/api.w.org\/{rel}","templated":true}]}}