{"id":35,"date":"2022-09-08T18:22:57","date_gmt":"2022-09-08T16:22:57","guid":{"rendered":"http:\/\/localhost\/almadvokat\/?page_id=35"},"modified":"2022-09-17T18:43:31","modified_gmt":"2022-09-17T16:43:31","slug":"branscher","status":"publish","type":"page","link":"https:\/\/www.almadvokat.se\/?page_id=35","title":{"rendered":"Branscher"},"content":{"rendered":"\n<p>De arbetsmoment som kr\u00e4vs f\u00f6r att ge effektiv och kvalitativ juridisk service \u00e4r egentligen desamma oavsett bransch. Dock inneb\u00e4r erfarenheten av vissa branscher naturligen en f\u00f6rdel ifr\u00e5ga om m\u00f6jligheten att snabbt ge relevanta r\u00e5d r\u00f6rande branschen. Avg\u00f6rande f\u00f6r effektiv och kvalitativ r\u00e5dgivning \u00e4r f\u00f6rm\u00e5gan att identifiera vilka faktorer och f\u00f6rh\u00e5llanden som \u00e4r specifika och v\u00e4sentliga f\u00f6r branschen ifr\u00e5ga. Alm har erfaren\u00adhet av flera olika branscher, vilket dels inneb\u00e4r s\u00e4rskild k\u00e4nnedom om dessa branscher, dels en v\u00e4l utvecklad f\u00f6rm\u00e5ga att identifiera de faktorer hos er verksamhet som \u00e4r av s\u00e4rskild betydelse f\u00f6r den juridiska fr\u00e5ga ni \u00f6nskar f\u00e5 hj\u00e4lp med.<\/p>\n","protected":false},"excerpt":{"rendered":"<p>De arbetsmoment som kr\u00e4vs f\u00f6r att ge effektiv och kvalitativ juridisk service \u00e4r egentligen desamma oavsett bransch. Dock inneb\u00e4r erfarenheten av vissa branscher naturligen en f\u00f6rdel ifr\u00e5ga om m\u00f6jligheten att snabbt ge relevanta r\u00e5d r\u00f6rande branschen. Avg\u00f6rande f\u00f6r effektiv och kvalitativ r\u00e5dgivning \u00e4r f\u00f6rm\u00e5gan att identifiera vilka faktorer och f\u00f6rh\u00e5llanden som \u00e4r specifika och v\u00e4sentliga [&hellip;]<\/p>\n","protected":false},"author":1,"featured_media":0,"parent":0,"menu_order":0,"comment_status":"closed","ping_status":"closed","template":"","meta":{"footnotes":""},"class_list":["post-35","page","type-page","status-publish","hentry"],"_links":{"self":[{"href":"https:\/\/www.almadvokat.se\/index.php?rest_route=\/wp\/v2\/pages\/35","targetHints":{"allow":["GET"]}}],"collection":[{"href":"https:\/\/www.almadvokat.se\/index.php?rest_route=\/wp\/v2\/pages"}],"about":[{"href":"https:\/\/www.almadvokat.se\/index.php?rest_route=\/wp\/v2\/types\/page"}],"author":[{"embeddable":true,"href":"https:\/\/www.almadvokat.se\/index.php?rest_route=\/wp\/v2\/users\/1"}],"replies":[{"embeddable":true,"href":"https:\/\/www.almadvokat.se\/index.php?rest_route=%2Fwp%2Fv2%2Fcomments&post=35"}],"version-history":[{"count":2,"href":"https:\/\/www.almadvokat.se\/index.php?rest_route=\/wp\/v2\/pages\/35\/revisions"}],"predecessor-version":[{"id":134,"href":"https:\/\/www.almadvokat.se\/index.php?rest_route=\/wp\/v2\/pages\/35\/revisions\/134"}],"wp:attachment":[{"href":"https:\/\/www.almadvokat.se\/index.php?rest_route=%2Fwp%2Fv2%2Fmedia&parent=35"}],"curies":[{"name":"wp","href":"https:\/\/api.w.org\/{rel}","templated":true}]}}