{"id":33,"date":"2022-09-08T18:22:15","date_gmt":"2022-09-08T16:22:15","guid":{"rendered":"http:\/\/localhost\/almadvokat\/?page_id=33"},"modified":"2022-11-29T16:25:04","modified_gmt":"2022-11-29T15:25:04","slug":"verksamhetsomrade","status":"publish","type":"page","link":"https:\/\/www.almadvokat.se\/?page_id=33","title":{"rendered":"Verksamhetsomr\u00e5den"},"content":{"rendered":"\n<p>ALM Advokatbyr\u00e5 tillhandah\u00e5ller juridisk service inom merparten av det aff\u00e4rsjuridiska f\u00e4ltet och n\u00e4rliggande r\u00e4ttsomr\u00e5den. Byr\u00e5n har s\u00e4rskilt fokus p\u00e5 redovisade verksamhetsom\u00adr\u00e5den. Om det i ett \u00e4rende uppst\u00e5r behov av viss extern specialist\u00adkunskap har byr\u00e5n upparbetade kontakter med olika ledande akt\u00f6rer inom branschen s\u00e5 att du som kund f\u00e5r b\u00e4sta m\u00f6jliga service.<\/p>\n","protected":false},"excerpt":{"rendered":"<p>ALM Advokatbyr\u00e5 tillhandah\u00e5ller juridisk service inom merparten av det aff\u00e4rsjuridiska f\u00e4ltet och n\u00e4rliggande r\u00e4ttsomr\u00e5den. Byr\u00e5n har s\u00e4rskilt fokus p\u00e5 redovisade verksamhetsom\u00adr\u00e5den. Om det i ett \u00e4rende uppst\u00e5r behov av viss extern specialist\u00adkunskap har byr\u00e5n upparbetade kontakter med olika ledande akt\u00f6rer inom branschen s\u00e5 att du som kund f\u00e5r b\u00e4sta m\u00f6jliga service.<\/p>\n","protected":false},"author":1,"featured_media":0,"parent":0,"menu_order":0,"comment_status":"closed","ping_status":"closed","template":"","meta":{"footnotes":""},"class_list":["post-33","page","type-page","status-publish","hentry"],"_links":{"self":[{"href":"https:\/\/www.almadvokat.se\/index.php?rest_route=\/wp\/v2\/pages\/33","targetHints":{"allow":["GET"]}}],"collection":[{"href":"https:\/\/www.almadvokat.se\/index.php?rest_route=\/wp\/v2\/pages"}],"about":[{"href":"https:\/\/www.almadvokat.se\/index.php?rest_route=\/wp\/v2\/types\/page"}],"author":[{"embeddable":true,"href":"https:\/\/www.almadvokat.se\/index.php?rest_route=\/wp\/v2\/users\/1"}],"replies":[{"embeddable":true,"href":"https:\/\/www.almadvokat.se\/index.php?rest_route=%2Fwp%2Fv2%2Fcomments&post=33"}],"version-history":[{"count":5,"href":"https:\/\/www.almadvokat.se\/index.php?rest_route=\/wp\/v2\/pages\/33\/revisions"}],"predecessor-version":[{"id":326,"href":"https:\/\/www.almadvokat.se\/index.php?rest_route=\/wp\/v2\/pages\/33\/revisions\/326"}],"wp:attachment":[{"href":"https:\/\/www.almadvokat.se\/index.php?rest_route=%2Fwp%2Fv2%2Fmedia&parent=33"}],"curies":[{"name":"wp","href":"https:\/\/api.w.org\/{rel}","templated":true}]}}